{"id":22427,"date":"2026-04-28T22:06:43","date_gmt":"2026-04-28T19:06:43","guid":{"rendered":"https:\/\/tohigin.com\/?post_type=product&#038;p=22427"},"modified":"2026-04-28T22:21:20","modified_gmt":"2026-04-28T19:21:20","slug":"tohi-mango-collins-kehakoorija-body-scrub","status":"publish","type":"product","link":"https:\/\/tohigin.com\/ru\/toode\/tohi-mango-collins-kehakoorija-body-scrub\/","title":{"rendered":"TOHI Mango Collins &#8212; kehakoorija"},"content":{"rendered":"","protected":false},"excerpt":{"rendered":"<p data-start=\"26\" data-end=\"80\"><strong data-start=\"26\" data-end=\"80\">Kehakoorija nagu kokteil, mida nahk telliks uuesti ja uuesti!<\/strong><\/p>\n<p data-start=\"82\" data-end=\"312\">Tohi Distillerylt midagi p\u00e4ikeselist, mahlast ja ootamatult m\u00f5nusat \u2013 Mango Collins Body Scrub on v\u00e4rskendav kehakoorija, mis on saanud inspiratsiooni kuulsast Collins kokteilist. Ainult et seekord ei l\u00e4he see klaasi. See l\u00e4heb nahale.<\/p>\n<p data-start=\"314\" data-end=\"589\">Mango Collins kehakoorija ei sisalda alkoholi, kuid l\u00f5hnab k\u00fcll nii, et vannituba muutub hetkega v\u00e4ikeseks spaaks. Mangov\u00f5i, suhkrukristallid ja hooldavad taime\u00f5lid loovad m\u00f5nusa koorimiskokteili, mis aitab eemaldada surnud rakud, pehmendab nahka ja j\u00e4tab selle siidiselt siledaks.<\/p>\n<p data-start=\"591\" data-end=\"898\">Erilise TOHI n\u00fcansi annavad koorijale \u00f5lid, mis j\u00e4\u00e4vad \u00fcle alkoholivaba d\u017einni valmistamisest. Nii saab \u00fchest heast ideest veel teinegi hea asi.<\/p>\n<p data-start=\"1060\" data-end=\"1159\"><strong data-start=\"1060\" data-end=\"1075\">Kasutamine:<\/strong> Masseeri niiskele nahale ringjate liigutustega ja loputa. Kasuta 2\u20133 korda n\u00e4dalas.<\/p>\n<p class=\"\" data-start=\"102\" data-end=\"157\">Kehakoorija valmistajaks on Kohila oma kosmeetikatootja <a href=\"https:\/\/www.loodusspa.ee\/\">Loodusspa.<\/a><\/p>\n<p data-start=\"830\" data-end=\"996\">Maht: 150 g<\/p>\n","protected":false},"featured_media":22434,"template":"","meta":{"_acf_changed":false,"inline_featured_image":false},"product_brand":[],"product_cat":[50],"product_tag":[],"giftcard-category":[],"class_list":{"0":"post-22427","1":"product","2":"type-product","3":"status-publish","4":"has-post-thumbnail","6":"product_cat-merch-tohi","8":"first","9":"instock","10":"taxable","11":"shipping-taxable","12":"purchasable","13":"product-type-simple"},"acf":[],"yoast_head":"<!-- This site is optimized with the Yoast SEO plugin v25.1 - https:\/\/yoast.com\/wordpress\/plugins\/seo\/ -->\n<title>Kehakoorija Tohi Distillerylt. Tilk d\u017einni v\u00e4rskendavas kehakoorijas<\/title>\n<meta name=\"description\" content=\"Kehakoorija, mis puhastab nahka ja turgutab meelt. Tohi Spirit Scrub on unikaalne kehakoorija, mis sobib nii meestele kui naistele\" \/>\n<meta name=\"robots\" content=\"index, follow, max-snippet:-1, max-image-preview:large, max-video-preview:-1\" \/>\n<link rel=\"canonical\" href=\"https:\/\/tohigin.com\/ru\/toode\/tohi-mango-collins-kehakoorija-body-scrub\/\" \/>\n<meta property=\"og:locale\" content=\"ru_RU\" \/>\n<meta property=\"og:type\" content=\"article\" \/>\n<meta property=\"og:title\" content=\"TOHI Distillery\" \/>\n<meta property=\"og:description\" content=\"Kehakoorija, mis puhastab nahka ja turgutab meelt. Tohi Spirit Scrub on unikaalne kehakoorija, mis sobib nii meestele kui naistele\" \/>\n<meta property=\"og:url\" content=\"https:\/\/tohigin.com\/ru\/toode\/tohi-mango-collins-kehakoorija-body-scrub\/\" \/>\n<meta property=\"og:site_name\" content=\"TOHI Distillery\" \/>\n<meta property=\"article:publisher\" content=\"https:\/\/www.facebook.com\/tohidistillery\" \/>\n<meta property=\"article:modified_time\" content=\"2026-04-28T19:21:20+00:00\" \/>\n<meta property=\"og:image\" content=\"https:\/\/tohigin.com\/wp-content\/uploads\/2025\/05\/kehakoorija-tohi-scrub.png\" \/>\n\t<meta property=\"og:image:width\" content=\"1080\" \/>\n\t<meta property=\"og:image:height\" content=\"1080\" \/>\n\t<meta property=\"og:image:type\" content=\"image\/png\" \/>\n<meta name=\"twitter:card\" content=\"summary_large_image\" \/>\n<meta name=\"twitter:label1\" content=\"\u041f\u0440\u0438\u043c\u0435\u0440\u043d\u043e\u0435 \u0432\u0440\u0435\u043c\u044f \u0434\u043b\u044f \u0447\u0442\u0435\u043d\u0438\u044f\" \/>\n\t<meta name=\"twitter:data1\" content=\"1 \u043c\u0438\u043d\u0443\u0442\u0430\" \/>\n<script type=\"application\/ld+json\" class=\"yoast-schema-graph\">{\"@context\":\"https:\/\/schema.org\",\"@graph\":[{\"@type\":\"WebPage\",\"@id\":\"https:\/\/tohigin.com\/ru\/toode\/tohi-mango-collins-kehakoorija-body-scrub\/\",\"url\":\"https:\/\/tohigin.com\/ru\/toode\/tohi-mango-collins-kehakoorija-body-scrub\/\",\"name\":\"Kehakoorija Tohi Distillerylt. Tilk d\u017einni v\u00e4rskendavas kehakoorijas\",\"isPartOf\":{\"@id\":\"https:\/\/tohigin.com\/#website\"},\"primaryImageOfPage\":{\"@id\":\"https:\/\/tohigin.com\/ru\/toode\/tohi-mango-collins-kehakoorija-body-scrub\/#primaryimage\"},\"image\":{\"@id\":\"https:\/\/tohigin.com\/ru\/toode\/tohi-mango-collins-kehakoorija-body-scrub\/#primaryimage\"},\"thumbnailUrl\":\"https:\/\/tohigin.com\/wp-content\/uploads\/2026\/04\/tohi_distillery_mango_gin_body-scrub-1-e1777404344367.png\",\"datePublished\":\"2026-04-28T19:06:43+00:00\",\"dateModified\":\"2026-04-28T19:21:20+00:00\",\"description\":\"Kehakoorija, mis puhastab nahka ja turgutab meelt. Tohi Spirit Scrub on unikaalne kehakoorija, mis sobib nii meestele kui naistele\",\"breadcrumb\":{\"@id\":\"https:\/\/tohigin.com\/ru\/toode\/tohi-mango-collins-kehakoorija-body-scrub\/#breadcrumb\"},\"inLanguage\":\"ru-RU\",\"potentialAction\":[{\"@type\":\"ReadAction\",\"target\":[\"https:\/\/tohigin.com\/ru\/toode\/tohi-mango-collins-kehakoorija-body-scrub\/\"]}]},{\"@type\":\"ImageObject\",\"inLanguage\":\"ru-RU\",\"@id\":\"https:\/\/tohigin.com\/ru\/toode\/tohi-mango-collins-kehakoorija-body-scrub\/#primaryimage\",\"url\":\"https:\/\/tohigin.com\/wp-content\/uploads\/2026\/04\/tohi_distillery_mango_gin_body-scrub-1-e1777404344367.png\",\"contentUrl\":\"https:\/\/tohigin.com\/wp-content\/uploads\/2026\/04\/tohi_distillery_mango_gin_body-scrub-1-e1777404344367.png\",\"width\":1254,\"height\":1254,\"caption\":\"Kehakoorija Tohi d\u017einnivabrikust. Kuldne Mango Collins Body Scrub - t\u00e4pselt nagu see kuulus kokteil\"},{\"@type\":\"BreadcrumbList\",\"@id\":\"https:\/\/tohigin.com\/ru\/toode\/tohi-mango-collins-kehakoorija-body-scrub\/#breadcrumb\",\"itemListElement\":[{\"@type\":\"ListItem\",\"position\":1,\"name\":\"Home\",\"item\":\"https:\/\/tohigin.com\/ru\/\"},{\"@type\":\"ListItem\",\"position\":2,\"name\":\"\u041c\u0430\u0433\u0430\u0437\u0438\u043d\",\"item\":\"https:\/\/tohigin.com\/ru\/magazin\/\"},{\"@type\":\"ListItem\",\"position\":3,\"name\":\"TOHI Mango Collins &#8211; kehakoorija\"}]},{\"@type\":\"WebSite\",\"@id\":\"https:\/\/tohigin.com\/#website\",\"url\":\"https:\/\/tohigin.com\/\",\"name\":\"TOHI Distillery\",\"description\":\"Gin distillery - production, sales &amp; gin tours\",\"publisher\":{\"@id\":\"https:\/\/tohigin.com\/#organization\"},\"potentialAction\":[{\"@type\":\"SearchAction\",\"target\":{\"@type\":\"EntryPoint\",\"urlTemplate\":\"https:\/\/tohigin.com\/?s={search_term_string}\"},\"query-input\":{\"@type\":\"PropertyValueSpecification\",\"valueRequired\":true,\"valueName\":\"search_term_string\"}}],\"inLanguage\":\"ru-RU\"},{\"@type\":\"Organization\",\"@id\":\"https:\/\/tohigin.com\/#organization\",\"name\":\"Tohi Distillery\",\"url\":\"https:\/\/tohigin.com\/\",\"logo\":{\"@type\":\"ImageObject\",\"inLanguage\":\"ru-RU\",\"@id\":\"https:\/\/tohigin.com\/#\/schema\/logo\/image\/\",\"url\":\"https:\/\/tohigin.com\/wp-content\/uploads\/2021\/01\/tohi-logo-r-1.png\",\"contentUrl\":\"https:\/\/tohigin.com\/wp-content\/uploads\/2021\/01\/tohi-logo-r-1.png\",\"width\":88,\"height\":120,\"caption\":\"Tohi Distillery\"},\"image\":{\"@id\":\"https:\/\/tohigin.com\/#\/schema\/logo\/image\/\"},\"sameAs\":[\"https:\/\/www.facebook.com\/tohidistillery\",\"https:\/\/www.instagram.com\/tohi_gin\/\"]}]}<\/script>\n<!-- \/ Yoast SEO plugin. -->","yoast_head_json":{"title":"Kehakoorija Tohi Distillerylt. Tilk d\u017einni v\u00e4rskendavas kehakoorijas","description":"Kehakoorija, mis puhastab nahka ja turgutab meelt. Tohi Spirit Scrub on unikaalne kehakoorija, mis sobib nii meestele kui naistele","robots":{"index":"index","follow":"follow","max-snippet":"max-snippet:-1","max-image-preview":"max-image-preview:large","max-video-preview":"max-video-preview:-1"},"canonical":"https:\/\/tohigin.com\/ru\/toode\/tohi-mango-collins-kehakoorija-body-scrub\/","og_locale":"ru_RU","og_type":"article","og_title":"TOHI Distillery","og_description":"Kehakoorija, mis puhastab nahka ja turgutab meelt. Tohi Spirit Scrub on unikaalne kehakoorija, mis sobib nii meestele kui naistele","og_url":"https:\/\/tohigin.com\/ru\/toode\/tohi-mango-collins-kehakoorija-body-scrub\/","og_site_name":"TOHI Distillery","article_publisher":"https:\/\/www.facebook.com\/tohidistillery","article_modified_time":"2026-04-28T19:21:20+00:00","og_image":[{"width":1080,"height":1080,"url":"https:\/\/tohigin.com\/wp-content\/uploads\/2025\/05\/kehakoorija-tohi-scrub.png","type":"image\/png"}],"twitter_card":"summary_large_image","twitter_misc":{"\u041f\u0440\u0438\u043c\u0435\u0440\u043d\u043e\u0435 \u0432\u0440\u0435\u043c\u044f \u0434\u043b\u044f \u0447\u0442\u0435\u043d\u0438\u044f":"1 \u043c\u0438\u043d\u0443\u0442\u0430"},"schema":{"@context":"https:\/\/schema.org","@graph":[{"@type":"WebPage","@id":"https:\/\/tohigin.com\/ru\/toode\/tohi-mango-collins-kehakoorija-body-scrub\/","url":"https:\/\/tohigin.com\/ru\/toode\/tohi-mango-collins-kehakoorija-body-scrub\/","name":"Kehakoorija Tohi Distillerylt. Tilk d\u017einni v\u00e4rskendavas kehakoorijas","isPartOf":{"@id":"https:\/\/tohigin.com\/#website"},"primaryImageOfPage":{"@id":"https:\/\/tohigin.com\/ru\/toode\/tohi-mango-collins-kehakoorija-body-scrub\/#primaryimage"},"image":{"@id":"https:\/\/tohigin.com\/ru\/toode\/tohi-mango-collins-kehakoorija-body-scrub\/#primaryimage"},"thumbnailUrl":"https:\/\/tohigin.com\/wp-content\/uploads\/2026\/04\/tohi_distillery_mango_gin_body-scrub-1-e1777404344367.png","datePublished":"2026-04-28T19:06:43+00:00","dateModified":"2026-04-28T19:21:20+00:00","description":"Kehakoorija, mis puhastab nahka ja turgutab meelt. Tohi Spirit Scrub on unikaalne kehakoorija, mis sobib nii meestele kui naistele","breadcrumb":{"@id":"https:\/\/tohigin.com\/ru\/toode\/tohi-mango-collins-kehakoorija-body-scrub\/#breadcrumb"},"inLanguage":"ru-RU","potentialAction":[{"@type":"ReadAction","target":["https:\/\/tohigin.com\/ru\/toode\/tohi-mango-collins-kehakoorija-body-scrub\/"]}]},{"@type":"ImageObject","inLanguage":"ru-RU","@id":"https:\/\/tohigin.com\/ru\/toode\/tohi-mango-collins-kehakoorija-body-scrub\/#primaryimage","url":"https:\/\/tohigin.com\/wp-content\/uploads\/2026\/04\/tohi_distillery_mango_gin_body-scrub-1-e1777404344367.png","contentUrl":"https:\/\/tohigin.com\/wp-content\/uploads\/2026\/04\/tohi_distillery_mango_gin_body-scrub-1-e1777404344367.png","width":1254,"height":1254,"caption":"Kehakoorija Tohi d\u017einnivabrikust. Kuldne Mango Collins Body Scrub - t\u00e4pselt nagu see kuulus kokteil"},{"@type":"BreadcrumbList","@id":"https:\/\/tohigin.com\/ru\/toode\/tohi-mango-collins-kehakoorija-body-scrub\/#breadcrumb","itemListElement":[{"@type":"ListItem","position":1,"name":"Home","item":"https:\/\/tohigin.com\/ru\/"},{"@type":"ListItem","position":2,"name":"\u041c\u0430\u0433\u0430\u0437\u0438\u043d","item":"https:\/\/tohigin.com\/ru\/magazin\/"},{"@type":"ListItem","position":3,"name":"TOHI Mango Collins &#8211; kehakoorija"}]},{"@type":"WebSite","@id":"https:\/\/tohigin.com\/#website","url":"https:\/\/tohigin.com\/","name":"TOHI Distillery","description":"Gin distillery - production, sales &amp; gin tours","publisher":{"@id":"https:\/\/tohigin.com\/#organization"},"potentialAction":[{"@type":"SearchAction","target":{"@type":"EntryPoint","urlTemplate":"https:\/\/tohigin.com\/?s={search_term_string}"},"query-input":{"@type":"PropertyValueSpecification","valueRequired":true,"valueName":"search_term_string"}}],"inLanguage":"ru-RU"},{"@type":"Organization","@id":"https:\/\/tohigin.com\/#organization","name":"Tohi Distillery","url":"https:\/\/tohigin.com\/","logo":{"@type":"ImageObject","inLanguage":"ru-RU","@id":"https:\/\/tohigin.com\/#\/schema\/logo\/image\/","url":"https:\/\/tohigin.com\/wp-content\/uploads\/2021\/01\/tohi-logo-r-1.png","contentUrl":"https:\/\/tohigin.com\/wp-content\/uploads\/2021\/01\/tohi-logo-r-1.png","width":88,"height":120,"caption":"Tohi Distillery"},"image":{"@id":"https:\/\/tohigin.com\/#\/schema\/logo\/image\/"},"sameAs":["https:\/\/www.facebook.com\/tohidistillery","https:\/\/www.instagram.com\/tohi_gin\/"]}]}},"jetpack_sharing_enabled":true,"_links":{"self":[{"href":"https:\/\/tohigin.com\/ru\/wp-json\/wp\/v2\/product\/22427","targetHints":{"allow":["GET"]}}],"collection":[{"href":"https:\/\/tohigin.com\/ru\/wp-json\/wp\/v2\/product"}],"about":[{"href":"https:\/\/tohigin.com\/ru\/wp-json\/wp\/v2\/types\/product"}],"wp:featuredmedia":[{"embeddable":true,"href":"https:\/\/tohigin.com\/ru\/wp-json\/wp\/v2\/media\/22434"}],"wp:attachment":[{"href":"https:\/\/tohigin.com\/ru\/wp-json\/wp\/v2\/media?parent=22427"}],"wp:term":[{"taxonomy":"product_brand","embeddable":true,"href":"https:\/\/tohigin.com\/ru\/wp-json\/wp\/v2\/product_brand?post=22427"},{"taxonomy":"product_cat","embeddable":true,"href":"https:\/\/tohigin.com\/ru\/wp-json\/wp\/v2\/product_cat?post=22427"},{"taxonomy":"product_tag","embeddable":true,"href":"https:\/\/tohigin.com\/ru\/wp-json\/wp\/v2\/product_tag?post=22427"},{"taxonomy":"giftcard-category","embeddable":true,"href":"https:\/\/tohigin.com\/ru\/wp-json\/wp\/v2\/giftcard-category?post=22427"}],"curies":[{"name":"wp","href":"https:\/\/api.w.org\/{rel}","templated":true}]}}