{"id":9034,"date":"2021-11-01T22:47:04","date_gmt":"2021-11-01T20:47:04","guid":{"rendered":"https:\/\/tohigin.com\/toode\/kinkekarp-cloudberry-mist-gin-klaasiga\/"},"modified":"2025-12-09T16:03:14","modified_gmt":"2025-12-09T14:03:14","slug":"kinkekarp-cloudberry-mist-gin-klaasiga","status":"publish","type":"product","link":"https:\/\/tohigin.com\/ru\/toode\/kinkekarp-cloudberry-mist-gin-klaasiga\/","title":{"rendered":"TOHI kinkekarp Cloudberry Mist Nordic Dry Gin &amp; kokteiliklaas"},"content":{"rendered":"","protected":false},"excerpt":{"rendered":"<p><span data-sheets-value=\"{&quot;1&quot;:2,&quot;2&quot;:&quot;Kinkekarp sisaldab:\\n- 1 pudel TOHI Nordic Dry Gin Clodberry Mist 0.5L\\n- 2 TOHI signeeringuga COPA pokaal&quot;}\" data-sheets-userformat=\"{&quot;2&quot;:705,&quot;3&quot;:{&quot;1&quot;:0},&quot;9&quot;:0,&quot;10&quot;:1,&quot;12&quot;:0}\">Silmapaistvalt neoonse kujunduse ja tugevast kartongist kinkekarp sisaldab:<br \/>\n\u2013 1 pudel TOHI Nordic Dry Gin Clodberry Mist 0.5L 43% vol<br \/>\n\u2013 1 TOHI d\u017einntooniku pokaal (630 ml) <a href=\"https:\/\/tohigin.com\/ru\/kokteli\/tohi-cloudberry-gin-tonic\/\" target=\"_blank\" rel=\"noopener noreferrer\">perfektse d\u017einntooniku serveerimiseks<\/a><\/span><\/p>\n<p>V\u00e4\u00e4rt m\u00f5te firmakingiks v\u00f5i t\u00f5elisele d\u017einnis\u00f5bale. TOHI on destilleeritud k\u00e4sit\u00f6\u00f6d\u017einn, mis valmib Tohisool, Tohi Distillerys. See d\u017einn on teadaolevalt \u00fcks haruldasi maailmas, mis on valmistatud lisaks traditsioonilistele kadakamarjadele \u2013 p\u00f5hjamaiste murakatega. Cloudberry Mist Gin on tunnustatud Eesti Parima K\u00e4sit\u00f6\u00f6d\u017einni tiitliga.\u00a0 Tohi d\u017einn on parim serveerituna <em>copa\u00a0<\/em>klaasis rohke j\u00e4\u00e4, kvaliteetse kuivas stiilis tooniku ning apelsiniviiluga.<\/p>\n<p>NB! Ostud Tohi e-poest alates 50\u20ac \u2013 tasuta transport pakiautomaati!<\/p>\n","protected":false},"featured_media":7877,"template":"","meta":{"_acf_changed":false,"inline_featured_image":false},"product_brand":[],"product_cat":[76,48],"product_tag":[],"giftcard-category":[],"class_list":{"0":"post-9034","1":"product","2":"type-product","3":"status-publish","4":"has-post-thumbnail","6":"product_cat-cloudberry-mist-gin-ru","7":"product_cat-nabory","9":"first","10":"instock","11":"sale","12":"taxable","13":"shipping-taxable","14":"purchasable","15":"product-type-simple"},"acf":[],"yoast_head":"<!-- This site is optimized with the Yoast SEO plugin v25.1 - https:\/\/yoast.com\/wordpress\/plugins\/seo\/ -->\n<title>Kinkekarp Cloudberry Mist Nordic Dry Gin d\u017einntooniku klaasiga<\/title>\n<meta name=\"description\" content=\"Uus kinkekomplekt d\u017enntooniku valmistamiseks. Hea firmakink. Kinkekarbis on parim Eesti murakad\u017einn ja d\u017einntooniku copa klaas.\" \/>\n<meta name=\"robots\" content=\"index, follow, max-snippet:-1, max-image-preview:large, max-video-preview:-1\" \/>\n<link rel=\"canonical\" href=\"https:\/\/tohigin.com\/ru\/toode\/kinkekarp-cloudberry-mist-gin-klaasiga\/\" \/>\n<meta property=\"og:locale\" content=\"ru_RU\" \/>\n<meta property=\"og:type\" content=\"article\" \/>\n<meta property=\"og:title\" content=\"Kinkekarp Cloudberry Mist Nordic Dry Gin d\u017einntooniku klaasiga\" \/>\n<meta property=\"og:description\" content=\"Uus kinkekomplekt d\u017enntooniku valmistamiseks. Hea firmakink. Kinkekarbis on parim Eesti murakad\u017einn ja d\u017einntooniku copa klaas.\" \/>\n<meta property=\"og:url\" content=\"https:\/\/tohigin.com\/ru\/toode\/kinkekarp-cloudberry-mist-gin-klaasiga\/\" \/>\n<meta property=\"og:site_name\" content=\"TOHI Distillery\" \/>\n<meta property=\"article:publisher\" content=\"https:\/\/www.facebook.com\/tohidistillery\" \/>\n<meta property=\"article:modified_time\" content=\"2025-12-09T14:03:14+00:00\" \/>\n<meta property=\"og:image\" content=\"https:\/\/tohigin.com\/wp-content\/uploads\/2021\/11\/kinkekarp-tohi-gin-cloudberry-copa-glass2.png\" \/>\n\t<meta property=\"og:image:width\" content=\"1080\" \/>\n\t<meta property=\"og:image:height\" content=\"1080\" \/>\n\t<meta property=\"og:image:type\" content=\"image\/png\" \/>\n<meta name=\"twitter:card\" content=\"summary_large_image\" \/>\n<script type=\"application\/ld+json\" class=\"yoast-schema-graph\">{\"@context\":\"https:\/\/schema.org\",\"@graph\":[{\"@type\":\"WebPage\",\"@id\":\"https:\/\/tohigin.com\/ru\/toode\/kinkekarp-cloudberry-mist-gin-klaasiga\/\",\"url\":\"https:\/\/tohigin.com\/ru\/toode\/kinkekarp-cloudberry-mist-gin-klaasiga\/\",\"name\":\"Kinkekarp Cloudberry Mist Nordic Dry Gin d\u017einntooniku klaasiga\",\"isPartOf\":{\"@id\":\"https:\/\/tohigin.com\/#website\"},\"primaryImageOfPage\":{\"@id\":\"https:\/\/tohigin.com\/ru\/toode\/kinkekarp-cloudberry-mist-gin-klaasiga\/#primaryimage\"},\"image\":{\"@id\":\"https:\/\/tohigin.com\/ru\/toode\/kinkekarp-cloudberry-mist-gin-klaasiga\/#primaryimage\"},\"thumbnailUrl\":\"https:\/\/tohigin.com\/wp-content\/uploads\/2021\/11\/tohi-gift-box-cloudberry-gin-and-copa-glass.png\",\"datePublished\":\"2021-11-01T20:47:04+00:00\",\"dateModified\":\"2025-12-09T14:03:14+00:00\",\"description\":\"Uus kinkekomplekt d\u017enntooniku valmistamiseks. Hea firmakink. Kinkekarbis on parim Eesti murakad\u017einn ja d\u017einntooniku copa klaas.\",\"breadcrumb\":{\"@id\":\"https:\/\/tohigin.com\/ru\/toode\/kinkekarp-cloudberry-mist-gin-klaasiga\/#breadcrumb\"},\"inLanguage\":\"ru-RU\",\"potentialAction\":[{\"@type\":\"ReadAction\",\"target\":[\"https:\/\/tohigin.com\/ru\/toode\/kinkekarp-cloudberry-mist-gin-klaasiga\/\"]}]},{\"@type\":\"ImageObject\",\"inLanguage\":\"ru-RU\",\"@id\":\"https:\/\/tohigin.com\/ru\/toode\/kinkekarp-cloudberry-mist-gin-klaasiga\/#primaryimage\",\"url\":\"https:\/\/tohigin.com\/wp-content\/uploads\/2021\/11\/tohi-gift-box-cloudberry-gin-and-copa-glass.png\",\"contentUrl\":\"https:\/\/tohigin.com\/wp-content\/uploads\/2021\/11\/tohi-gift-box-cloudberry-gin-and-copa-glass.png\",\"width\":700,\"height\":920,\"caption\":\"Kartongist kinkekarp d\u017einni ja klaasiga\"},{\"@type\":\"BreadcrumbList\",\"@id\":\"https:\/\/tohigin.com\/ru\/toode\/kinkekarp-cloudberry-mist-gin-klaasiga\/#breadcrumb\",\"itemListElement\":[{\"@type\":\"ListItem\",\"position\":1,\"name\":\"Home\",\"item\":\"https:\/\/tohigin.com\/ru\/\"},{\"@type\":\"ListItem\",\"position\":2,\"name\":\"\u041c\u0430\u0433\u0430\u0437\u0438\u043d\",\"item\":\"https:\/\/tohigin.com\/ru\/magazin\/\"},{\"@type\":\"ListItem\",\"position\":3,\"name\":\"TOHI kinkekarp Cloudberry Mist Nordic Dry Gin &amp; kokteiliklaas\"}]},{\"@type\":\"WebSite\",\"@id\":\"https:\/\/tohigin.com\/#website\",\"url\":\"https:\/\/tohigin.com\/\",\"name\":\"TOHI Distillery\",\"description\":\"Gin distillery - production, sales &amp; gin tours\",\"publisher\":{\"@id\":\"https:\/\/tohigin.com\/#organization\"},\"potentialAction\":[{\"@type\":\"SearchAction\",\"target\":{\"@type\":\"EntryPoint\",\"urlTemplate\":\"https:\/\/tohigin.com\/?s={search_term_string}\"},\"query-input\":{\"@type\":\"PropertyValueSpecification\",\"valueRequired\":true,\"valueName\":\"search_term_string\"}}],\"inLanguage\":\"ru-RU\"},{\"@type\":\"Organization\",\"@id\":\"https:\/\/tohigin.com\/#organization\",\"name\":\"Tohi Distillery\",\"url\":\"https:\/\/tohigin.com\/\",\"logo\":{\"@type\":\"ImageObject\",\"inLanguage\":\"ru-RU\",\"@id\":\"https:\/\/tohigin.com\/#\/schema\/logo\/image\/\",\"url\":\"https:\/\/tohigin.com\/wp-content\/uploads\/2021\/01\/tohi-logo-r-1.png\",\"contentUrl\":\"https:\/\/tohigin.com\/wp-content\/uploads\/2021\/01\/tohi-logo-r-1.png\",\"width\":88,\"height\":120,\"caption\":\"Tohi Distillery\"},\"image\":{\"@id\":\"https:\/\/tohigin.com\/#\/schema\/logo\/image\/\"},\"sameAs\":[\"https:\/\/www.facebook.com\/tohidistillery\",\"https:\/\/www.instagram.com\/tohi_gin\/\"]}]}<\/script>\n<!-- \/ Yoast SEO plugin. -->","yoast_head_json":{"title":"Kinkekarp Cloudberry Mist Nordic Dry Gin d\u017einntooniku klaasiga","description":"Uus kinkekomplekt d\u017enntooniku valmistamiseks. Hea firmakink. Kinkekarbis on parim Eesti murakad\u017einn ja d\u017einntooniku copa klaas.","robots":{"index":"index","follow":"follow","max-snippet":"max-snippet:-1","max-image-preview":"max-image-preview:large","max-video-preview":"max-video-preview:-1"},"canonical":"https:\/\/tohigin.com\/ru\/toode\/kinkekarp-cloudberry-mist-gin-klaasiga\/","og_locale":"ru_RU","og_type":"article","og_title":"Kinkekarp Cloudberry Mist Nordic Dry Gin d\u017einntooniku klaasiga","og_description":"Uus kinkekomplekt d\u017enntooniku valmistamiseks. Hea firmakink. Kinkekarbis on parim Eesti murakad\u017einn ja d\u017einntooniku copa klaas.","og_url":"https:\/\/tohigin.com\/ru\/toode\/kinkekarp-cloudberry-mist-gin-klaasiga\/","og_site_name":"TOHI Distillery","article_publisher":"https:\/\/www.facebook.com\/tohidistillery","article_modified_time":"2025-12-09T14:03:14+00:00","og_image":[{"width":1080,"height":1080,"url":"https:\/\/tohigin.com\/wp-content\/uploads\/2021\/11\/kinkekarp-tohi-gin-cloudberry-copa-glass2.png","type":"image\/png"}],"twitter_card":"summary_large_image","schema":{"@context":"https:\/\/schema.org","@graph":[{"@type":"WebPage","@id":"https:\/\/tohigin.com\/ru\/toode\/kinkekarp-cloudberry-mist-gin-klaasiga\/","url":"https:\/\/tohigin.com\/ru\/toode\/kinkekarp-cloudberry-mist-gin-klaasiga\/","name":"Kinkekarp Cloudberry Mist Nordic Dry Gin d\u017einntooniku klaasiga","isPartOf":{"@id":"https:\/\/tohigin.com\/#website"},"primaryImageOfPage":{"@id":"https:\/\/tohigin.com\/ru\/toode\/kinkekarp-cloudberry-mist-gin-klaasiga\/#primaryimage"},"image":{"@id":"https:\/\/tohigin.com\/ru\/toode\/kinkekarp-cloudberry-mist-gin-klaasiga\/#primaryimage"},"thumbnailUrl":"https:\/\/tohigin.com\/wp-content\/uploads\/2021\/11\/tohi-gift-box-cloudberry-gin-and-copa-glass.png","datePublished":"2021-11-01T20:47:04+00:00","dateModified":"2025-12-09T14:03:14+00:00","description":"Uus kinkekomplekt d\u017enntooniku valmistamiseks. Hea firmakink. Kinkekarbis on parim Eesti murakad\u017einn ja d\u017einntooniku copa klaas.","breadcrumb":{"@id":"https:\/\/tohigin.com\/ru\/toode\/kinkekarp-cloudberry-mist-gin-klaasiga\/#breadcrumb"},"inLanguage":"ru-RU","potentialAction":[{"@type":"ReadAction","target":["https:\/\/tohigin.com\/ru\/toode\/kinkekarp-cloudberry-mist-gin-klaasiga\/"]}]},{"@type":"ImageObject","inLanguage":"ru-RU","@id":"https:\/\/tohigin.com\/ru\/toode\/kinkekarp-cloudberry-mist-gin-klaasiga\/#primaryimage","url":"https:\/\/tohigin.com\/wp-content\/uploads\/2021\/11\/tohi-gift-box-cloudberry-gin-and-copa-glass.png","contentUrl":"https:\/\/tohigin.com\/wp-content\/uploads\/2021\/11\/tohi-gift-box-cloudberry-gin-and-copa-glass.png","width":700,"height":920,"caption":"Kartongist kinkekarp d\u017einni ja klaasiga"},{"@type":"BreadcrumbList","@id":"https:\/\/tohigin.com\/ru\/toode\/kinkekarp-cloudberry-mist-gin-klaasiga\/#breadcrumb","itemListElement":[{"@type":"ListItem","position":1,"name":"Home","item":"https:\/\/tohigin.com\/ru\/"},{"@type":"ListItem","position":2,"name":"\u041c\u0430\u0433\u0430\u0437\u0438\u043d","item":"https:\/\/tohigin.com\/ru\/magazin\/"},{"@type":"ListItem","position":3,"name":"TOHI kinkekarp Cloudberry Mist Nordic Dry Gin &amp; kokteiliklaas"}]},{"@type":"WebSite","@id":"https:\/\/tohigin.com\/#website","url":"https:\/\/tohigin.com\/","name":"TOHI Distillery","description":"Gin distillery - production, sales &amp; gin tours","publisher":{"@id":"https:\/\/tohigin.com\/#organization"},"potentialAction":[{"@type":"SearchAction","target":{"@type":"EntryPoint","urlTemplate":"https:\/\/tohigin.com\/?s={search_term_string}"},"query-input":{"@type":"PropertyValueSpecification","valueRequired":true,"valueName":"search_term_string"}}],"inLanguage":"ru-RU"},{"@type":"Organization","@id":"https:\/\/tohigin.com\/#organization","name":"Tohi Distillery","url":"https:\/\/tohigin.com\/","logo":{"@type":"ImageObject","inLanguage":"ru-RU","@id":"https:\/\/tohigin.com\/#\/schema\/logo\/image\/","url":"https:\/\/tohigin.com\/wp-content\/uploads\/2021\/01\/tohi-logo-r-1.png","contentUrl":"https:\/\/tohigin.com\/wp-content\/uploads\/2021\/01\/tohi-logo-r-1.png","width":88,"height":120,"caption":"Tohi Distillery"},"image":{"@id":"https:\/\/tohigin.com\/#\/schema\/logo\/image\/"},"sameAs":["https:\/\/www.facebook.com\/tohidistillery","https:\/\/www.instagram.com\/tohi_gin\/"]}]}},"jetpack_sharing_enabled":true,"_links":{"self":[{"href":"https:\/\/tohigin.com\/ru\/wp-json\/wp\/v2\/product\/9034","targetHints":{"allow":["GET"]}}],"collection":[{"href":"https:\/\/tohigin.com\/ru\/wp-json\/wp\/v2\/product"}],"about":[{"href":"https:\/\/tohigin.com\/ru\/wp-json\/wp\/v2\/types\/product"}],"wp:featuredmedia":[{"embeddable":true,"href":"https:\/\/tohigin.com\/ru\/wp-json\/wp\/v2\/media\/7877"}],"wp:attachment":[{"href":"https:\/\/tohigin.com\/ru\/wp-json\/wp\/v2\/media?parent=9034"}],"wp:term":[{"taxonomy":"product_brand","embeddable":true,"href":"https:\/\/tohigin.com\/ru\/wp-json\/wp\/v2\/product_brand?post=9034"},{"taxonomy":"product_cat","embeddable":true,"href":"https:\/\/tohigin.com\/ru\/wp-json\/wp\/v2\/product_cat?post=9034"},{"taxonomy":"product_tag","embeddable":true,"href":"https:\/\/tohigin.com\/ru\/wp-json\/wp\/v2\/product_tag?post=9034"},{"taxonomy":"giftcard-category","embeddable":true,"href":"https:\/\/tohigin.com\/ru\/wp-json\/wp\/v2\/giftcard-category?post=9034"}],"curies":[{"name":"wp","href":"https:\/\/api.w.org\/{rel}","templated":true}]}}