{"id":9248,"date":"2022-07-09T17:24:11","date_gmt":"2022-07-09T14:24:11","guid":{"rendered":"https:\/\/tohigin.com\/kassa\/"},"modified":"2022-07-11T10:32:57","modified_gmt":"2022-07-11T07:32:57","slug":"kassa-2","status":"publish","type":"page","link":"https:\/\/tohigin.com\/sv\/kassa-2\/","title":{"rendered":"Till Kassan"},"content":{"rendered":"<div class=\"woocommerce\"><\/div>","protected":false},"excerpt":{"rendered":"","protected":false},"author":2,"featured_media":0,"parent":0,"menu_order":0,"comment_status":"closed","ping_status":"closed","template":"","meta":{"_acf_changed":false,"inline_featured_image":false,"footnotes":""},"class_list":["post-9248","page","type-page","status-publish"],"acf":[],"yoast_head":"<!-- This site is optimized with the Yoast SEO plugin v25.1 - https:\/\/yoast.com\/wordpress\/plugins\/seo\/ -->\n<title>D\u017einni e-pood . Kassa. Siin lehel tasud Tohi Distillery (d\u017einni)toodete eest.<\/title>\n<meta name=\"description\" content=\"D\u017einni e-pood . Kassa. Siin lehel tasud sobiva maksevahendiga Tohi Distillery (d\u017einni) toodete eest ja tuleb n\u00f5ustuda m\u00fc\u00fcgitingimustega.\" \/>\n<meta name=\"robots\" content=\"index, follow, max-snippet:-1, max-image-preview:large, max-video-preview:-1\" \/>\n<link rel=\"canonical\" href=\"https:\/\/tohigin.com\/sv\/kassa-2\/\" \/>\n<meta property=\"og:locale\" content=\"sv_SE\" \/>\n<meta property=\"og:type\" content=\"article\" \/>\n<meta property=\"og:title\" content=\"D\u017einni e-pood . Kassa. Siin lehel tasud Tohi Distillery (d\u017einni)toodete eest.\" \/>\n<meta property=\"og:description\" content=\"D\u017einni e-pood . Kassa. Siin lehel tasud sobiva maksevahendiga Tohi Distillery (d\u017einni) toodete eest ja tuleb n\u00f5ustuda m\u00fc\u00fcgitingimustega.\" \/>\n<meta property=\"og:url\" content=\"https:\/\/tohigin.com\/sv\/kassa-2\/\" \/>\n<meta property=\"og:site_name\" content=\"TOHI Distillery\" \/>\n<meta property=\"article:publisher\" content=\"https:\/\/www.facebook.com\/tohidistillery\" \/>\n<meta property=\"article:modified_time\" content=\"2022-07-11T07:32:57+00:00\" \/>\n<meta name=\"twitter:card\" content=\"summary_large_image\" \/>\n<meta name=\"twitter:label1\" content=\"Ber\u00e4knad l\u00e4stid\" \/>\n\t<meta name=\"twitter:data1\" content=\"1 minut\" \/>\n<script type=\"application\/ld+json\" class=\"yoast-schema-graph\">{\"@context\":\"https:\/\/schema.org\",\"@graph\":[{\"@type\":\"WebPage\",\"@id\":\"https:\/\/tohigin.com\/sv\/kassa-2\/\",\"url\":\"https:\/\/tohigin.com\/sv\/kassa-2\/\",\"name\":\"D\u017einni e-pood . Kassa. Siin lehel tasud Tohi Distillery (d\u017einni)toodete eest.\",\"isPartOf\":{\"@id\":\"https:\/\/tohigin.com\/#website\"},\"datePublished\":\"2022-07-09T14:24:11+00:00\",\"dateModified\":\"2022-07-11T07:32:57+00:00\",\"description\":\"D\u017einni e-pood . Kassa. Siin lehel tasud sobiva maksevahendiga Tohi Distillery (d\u017einni) toodete eest ja tuleb n\u00f5ustuda m\u00fc\u00fcgitingimustega.\",\"breadcrumb\":{\"@id\":\"https:\/\/tohigin.com\/sv\/kassa-2\/#breadcrumb\"},\"inLanguage\":\"sv-SE\",\"potentialAction\":[{\"@type\":\"ReadAction\",\"target\":[\"https:\/\/tohigin.com\/sv\/kassa-2\/\"]}]},{\"@type\":\"BreadcrumbList\",\"@id\":\"https:\/\/tohigin.com\/sv\/kassa-2\/#breadcrumb\",\"itemListElement\":[{\"@type\":\"ListItem\",\"position\":1,\"name\":\"Home\",\"item\":\"https:\/\/tohigin.com\/sv\/\"},{\"@type\":\"ListItem\",\"position\":2,\"name\":\"Till Kassan\"}]},{\"@type\":\"WebSite\",\"@id\":\"https:\/\/tohigin.com\/#website\",\"url\":\"https:\/\/tohigin.com\/\",\"name\":\"TOHI Distillery\",\"description\":\"Gin distillery - production, sales &amp; gin tours\",\"publisher\":{\"@id\":\"https:\/\/tohigin.com\/#organization\"},\"potentialAction\":[{\"@type\":\"SearchAction\",\"target\":{\"@type\":\"EntryPoint\",\"urlTemplate\":\"https:\/\/tohigin.com\/?s={search_term_string}\"},\"query-input\":{\"@type\":\"PropertyValueSpecification\",\"valueRequired\":true,\"valueName\":\"search_term_string\"}}],\"inLanguage\":\"sv-SE\"},{\"@type\":\"Organization\",\"@id\":\"https:\/\/tohigin.com\/#organization\",\"name\":\"Tohi Distillery\",\"url\":\"https:\/\/tohigin.com\/\",\"logo\":{\"@type\":\"ImageObject\",\"inLanguage\":\"sv-SE\",\"@id\":\"https:\/\/tohigin.com\/#\/schema\/logo\/image\/\",\"url\":\"https:\/\/tohigin.com\/wp-content\/uploads\/2021\/01\/tohi-logo-r-1.png\",\"contentUrl\":\"https:\/\/tohigin.com\/wp-content\/uploads\/2021\/01\/tohi-logo-r-1.png\",\"width\":88,\"height\":120,\"caption\":\"Tohi Distillery\"},\"image\":{\"@id\":\"https:\/\/tohigin.com\/#\/schema\/logo\/image\/\"},\"sameAs\":[\"https:\/\/www.facebook.com\/tohidistillery\",\"https:\/\/www.instagram.com\/tohi_gin\/\"]}]}<\/script>\n<!-- \/ Yoast SEO plugin. -->","yoast_head_json":{"title":"D\u017einni e-pood . Kassa. Siin lehel tasud Tohi Distillery (d\u017einni)toodete eest.","description":"D\u017einni e-pood . Kassa. Siin lehel tasud sobiva maksevahendiga Tohi Distillery (d\u017einni) toodete eest ja tuleb n\u00f5ustuda m\u00fc\u00fcgitingimustega.","robots":{"index":"index","follow":"follow","max-snippet":"max-snippet:-1","max-image-preview":"max-image-preview:large","max-video-preview":"max-video-preview:-1"},"canonical":"https:\/\/tohigin.com\/sv\/kassa-2\/","og_locale":"sv_SE","og_type":"article","og_title":"D\u017einni e-pood . Kassa. Siin lehel tasud Tohi Distillery (d\u017einni)toodete eest.","og_description":"D\u017einni e-pood . Kassa. Siin lehel tasud sobiva maksevahendiga Tohi Distillery (d\u017einni) toodete eest ja tuleb n\u00f5ustuda m\u00fc\u00fcgitingimustega.","og_url":"https:\/\/tohigin.com\/sv\/kassa-2\/","og_site_name":"TOHI Distillery","article_publisher":"https:\/\/www.facebook.com\/tohidistillery","article_modified_time":"2022-07-11T07:32:57+00:00","twitter_card":"summary_large_image","twitter_misc":{"Ber\u00e4knad l\u00e4stid":"1 minut"},"schema":{"@context":"https:\/\/schema.org","@graph":[{"@type":"WebPage","@id":"https:\/\/tohigin.com\/sv\/kassa-2\/","url":"https:\/\/tohigin.com\/sv\/kassa-2\/","name":"D\u017einni e-pood . Kassa. Siin lehel tasud Tohi Distillery (d\u017einni)toodete eest.","isPartOf":{"@id":"https:\/\/tohigin.com\/#website"},"datePublished":"2022-07-09T14:24:11+00:00","dateModified":"2022-07-11T07:32:57+00:00","description":"D\u017einni e-pood . Kassa. Siin lehel tasud sobiva maksevahendiga Tohi Distillery (d\u017einni) toodete eest ja tuleb n\u00f5ustuda m\u00fc\u00fcgitingimustega.","breadcrumb":{"@id":"https:\/\/tohigin.com\/sv\/kassa-2\/#breadcrumb"},"inLanguage":"sv-SE","potentialAction":[{"@type":"ReadAction","target":["https:\/\/tohigin.com\/sv\/kassa-2\/"]}]},{"@type":"BreadcrumbList","@id":"https:\/\/tohigin.com\/sv\/kassa-2\/#breadcrumb","itemListElement":[{"@type":"ListItem","position":1,"name":"Home","item":"https:\/\/tohigin.com\/sv\/"},{"@type":"ListItem","position":2,"name":"Till Kassan"}]},{"@type":"WebSite","@id":"https:\/\/tohigin.com\/#website","url":"https:\/\/tohigin.com\/","name":"TOHI Distillery","description":"Gin distillery - production, sales &amp; gin tours","publisher":{"@id":"https:\/\/tohigin.com\/#organization"},"potentialAction":[{"@type":"SearchAction","target":{"@type":"EntryPoint","urlTemplate":"https:\/\/tohigin.com\/?s={search_term_string}"},"query-input":{"@type":"PropertyValueSpecification","valueRequired":true,"valueName":"search_term_string"}}],"inLanguage":"sv-SE"},{"@type":"Organization","@id":"https:\/\/tohigin.com\/#organization","name":"Tohi Distillery","url":"https:\/\/tohigin.com\/","logo":{"@type":"ImageObject","inLanguage":"sv-SE","@id":"https:\/\/tohigin.com\/#\/schema\/logo\/image\/","url":"https:\/\/tohigin.com\/wp-content\/uploads\/2021\/01\/tohi-logo-r-1.png","contentUrl":"https:\/\/tohigin.com\/wp-content\/uploads\/2021\/01\/tohi-logo-r-1.png","width":88,"height":120,"caption":"Tohi Distillery"},"image":{"@id":"https:\/\/tohigin.com\/#\/schema\/logo\/image\/"},"sameAs":["https:\/\/www.facebook.com\/tohidistillery","https:\/\/www.instagram.com\/tohi_gin\/"]}]}},"jetpack_sharing_enabled":true,"_links":{"self":[{"href":"https:\/\/tohigin.com\/sv\/wp-json\/wp\/v2\/pages\/9248","targetHints":{"allow":["GET"]}}],"collection":[{"href":"https:\/\/tohigin.com\/sv\/wp-json\/wp\/v2\/pages"}],"about":[{"href":"https:\/\/tohigin.com\/sv\/wp-json\/wp\/v2\/types\/page"}],"author":[{"embeddable":true,"href":"https:\/\/tohigin.com\/sv\/wp-json\/wp\/v2\/users\/2"}],"replies":[{"embeddable":true,"href":"https:\/\/tohigin.com\/sv\/wp-json\/wp\/v2\/comments?post=9248"}],"version-history":[{"count":3,"href":"https:\/\/tohigin.com\/sv\/wp-json\/wp\/v2\/pages\/9248\/revisions"}],"predecessor-version":[{"id":9393,"href":"https:\/\/tohigin.com\/sv\/wp-json\/wp\/v2\/pages\/9248\/revisions\/9393"}],"wp:attachment":[{"href":"https:\/\/tohigin.com\/sv\/wp-json\/wp\/v2\/media?parent=9248"}],"curies":[{"name":"wp","href":"https:\/\/api.w.org\/{rel}","templated":true}]}}