{"id":9689,"date":"2021-04-22T08:40:37","date_gmt":"2021-04-22T06:40:37","guid":{"rendered":"https:\/\/tohigin.com\/cocktails\/tohi-aronia-gin-tonic\/"},"modified":"2022-07-11T12:08:13","modified_gmt":"2022-07-11T09:08:13","slug":"tohi-aronia-gin-tonic","status":"publish","type":"page","link":"https:\/\/tohigin.com\/sv\/cocktails\/tohi-aronia-gin-tonic\/","title":{"rendered":"Tohi Aronia Gin &#038; Tonic"},"content":{"rendered":"[vc_row type=&#8221;full_width_background&#8221; full_screen_row_position=&#8221;middle&#8221; column_margin=&#8221;default&#8221; equal_height=&#8221;yes&#8221; content_placement=&#8221;middle&#8221; column_direction=&#8221;default&#8221; column_direction_tablet=&#8221;default&#8221; column_direction_phone=&#8221;default&#8221; scene_position=&#8221;center&#8221; top_padding=&#8221;2%&#8221; bottom_padding=&#8221;8%&#8221; text_color=&#8221;dark&#8221; text_align=&#8221;left&#8221; row_border_radius=&#8221;none&#8221; row_border_radius_applies=&#8221;bg&#8221; overlay_strength=&#8221;0.3&#8243; gradient_direction=&#8221;left_to_right&#8221; enable_shape_divider=&#8221;true&#8221; shape_divider_color=&#8221;#3d4975&#8243; shape_divider_position=&#8221;bottom&#8221; shape_divider_height=&#8221;100&#8243; bg_image_animation=&#8221;none&#8221; shape_type=&#8221;tilt&#8221;][vc_column column_padding=&#8221;no-extra-padding&#8221; column_padding_tablet=&#8221;inherit&#8221; column_padding_phone=&#8221;inherit&#8221; column_padding_position=&#8221;all&#8221; column_element_spacing=&#8221;default&#8221; background_color_opacity=&#8221;1&#8243; background_hover_color_opacity=&#8221;1&#8243; column_shadow=&#8221;none&#8221; column_border_radius=&#8221;none&#8221; column_link_target=&#8221;_self&#8221; gradient_direction=&#8221;left_to_right&#8221; overlay_strength=&#8221;0.3&#8243; width=&#8221;1\/2&#8243; tablet_width_inherit=&#8221;default&#8221; tablet_text_alignment=&#8221;default&#8221; phone_text_alignment=&#8221;default&#8221; bg_image_animation=&#8221;none&#8221; border_type=&#8221;simple&#8221; column_border_width=&#8221;none&#8221; column_border_style=&#8221;solid&#8221;][vc_column_text]\n<h3>Koostisosad:<\/h3>\n<ul>\n<li>Tohi Aronia Infused Gin 4 cl<\/li>\n<li>Kvaliteetset kuiva toonikut 200 ml<\/li>\n<li>Apelsiniviil<\/li>\n<li>Palju j\u00e4\u00e4d<\/li>\n<\/ul>\n<h3>Valmistamine:<\/h3>\n<p>T\u00f5elise p\u00f5hjamaise aperitiivi valmistamiseks v\u00f5ta copa klaas, t\u00e4ida see j\u00e4\u00e4ga. Seej\u00e4rel vala 4 cl Tohi Aronia Infused d\u017einni ja lisa 20 cl kvaliteetset toonikut. T\u00e4iusta punastavat kokteili apelsiniviiluga. Miks mitte lisada ka midagi rohelist kaunistuseks.[\/vc_column_text][\/vc_column][vc_column column_padding=&#8221;no-extra-padding&#8221; column_padding_tablet=&#8221;inherit&#8221; column_padding_phone=&#8221;inherit&#8221; column_padding_position=&#8221;all&#8221; column_element_spacing=&#8221;default&#8221; background_color_opacity=&#8221;1&#8243; background_hover_color_opacity=&#8221;1&#8243; column_shadow=&#8221;none&#8221; column_border_radius=&#8221;none&#8221; column_link_target=&#8221;_self&#8221; gradient_direction=&#8221;left_to_right&#8221; overlay_strength=&#8221;0.3&#8243; width=&#8221;1\/2&#8243; tablet_width_inherit=&#8221;default&#8221; tablet_text_alignment=&#8221;default&#8221; phone_text_alignment=&#8221;default&#8221; bg_image_animation=&#8221;none&#8221; border_type=&#8221;simple&#8221; column_border_width=&#8221;none&#8221; column_border_style=&#8221;solid&#8221;][image_with_animation image_url=&#8221;3622&#8243; animation=&#8221;Fade In&#8221; hover_animation=&#8221;none&#8221; alignment=&#8221;&#8221; border_radius=&#8221;none&#8221; box_shadow=&#8221;none&#8221; image_loading=&#8221;default&#8221; max_width=&#8221;100%&#8221; max_width_mobile=&#8221;default&#8221; el_class=&#8221;br-50&#8243;][\/vc_column][\/vc_row][vc_row type=&#8221;full_width_background&#8221; full_screen_row_position=&#8221;middle&#8221; column_margin=&#8221;default&#8221; column_direction=&#8221;default&#8221; column_direction_tablet=&#8221;default&#8221; column_direction_phone=&#8221;default&#8221; bg_color=&#8221;#3d4975&#8243; scene_position=&#8221;center&#8221; bottom_padding=&#8221;7%&#8221; text_color=&#8221;light&#8221; text_align=&#8221;left&#8221; row_border_radius=&#8221;none&#8221; row_border_radius_applies=&#8221;bg&#8221; class=&#8221;cocktail-oks-l cocktail-oks-r&#8221; overlay_strength=&#8221;0.3&#8243; gradient_direction=&#8221;left_to_right&#8221; shape_divider_position=&#8221;bottom&#8221; bg_image_animation=&#8221;none&#8221; shape_type=&#8221;&#8221;][vc_column column_padding=&#8221;no-extra-padding&#8221; column_padding_tablet=&#8221;inherit&#8221; column_padding_phone=&#8221;inherit&#8221; column_padding_position=&#8221;all&#8221; column_element_spacing=&#8221;default&#8221; background_color_opacity=&#8221;1&#8243; background_hover_color_opacity=&#8221;1&#8243; column_shadow=&#8221;none&#8221; column_border_radius=&#8221;none&#8221; column_link_target=&#8221;_self&#8221; gradient_direction=&#8221;left_to_right&#8221; overlay_strength=&#8221;0.3&#8243; width=&#8221;1\/1&#8243; tablet_width_inherit=&#8221;default&#8221; tablet_text_alignment=&#8221;default&#8221; phone_text_alignment=&#8221;default&#8221; bg_image_animation=&#8221;none&#8221; border_type=&#8221;simple&#8221; column_border_width=&#8221;none&#8221; column_border_style=&#8221;solid&#8221;][vc_column_text el_class=&#8221;toost-title-rotate&#8221;]\n<h2>Veel kokteile<\/h2>\n[\/vc_column_text][vc_row_inner column_margin=&#8221;default&#8221; column_direction=&#8221;default&#8221; column_direction_tablet=&#8221;default&#8221; column_direction_phone=&#8221;default&#8221; text_align=&#8221;left&#8221;][vc_column_inner column_padding=&#8221;no-extra-padding&#8221; column_padding_tablet=&#8221;inherit&#8221; column_padding_phone=&#8221;inherit&#8221; column_padding_position=&#8221;all&#8221; column_element_spacing=&#8221;default&#8221; background_color_opacity=&#8221;1&#8243; background_hover_color_opacity=&#8221;1&#8243; column_shadow=&#8221;none&#8221; column_border_radius=&#8221;none&#8221; column_link_target=&#8221;_self&#8221; gradient_direction=&#8221;left_to_right&#8221; overlay_strength=&#8221;0.3&#8243; width=&#8221;1\/4&#8243; tablet_width_inherit=&#8221;default&#8221; bg_image_animation=&#8221;none&#8221; border_type=&#8221;simple&#8221; column_border_width=&#8221;none&#8221; column_border_style=&#8221;solid&#8221;][image_with_animation image_url=&#8221;3634&#8243; animation=&#8221;Fade In&#8221; hover_animation=&#8221;none&#8221; alignment=&#8221;center&#8221; border_radius=&#8221;none&#8221; box_shadow=&#8221;none&#8221; image_loading=&#8221;default&#8221; max_width=&#8221;100%&#8221; max_width_mobile=&#8221;default&#8221;][vc_column_text]\n<h4 style=\"text-align: center;\"><a href=\"https:\/\/tohigin.com\/sv\/cocktails\/tohi-cloudberry-gin-tonic\/\">Tohi Cloudberry Gin &amp; Tonic<\/a><\/h4>\n[\/vc_column_text][\/vc_column_inner][vc_column_inner column_padding=&#8221;no-extra-padding&#8221; column_padding_tablet=&#8221;inherit&#8221; column_padding_phone=&#8221;inherit&#8221; column_padding_position=&#8221;all&#8221; column_element_spacing=&#8221;default&#8221; background_color_opacity=&#8221;1&#8243; background_hover_color_opacity=&#8221;1&#8243; column_shadow=&#8221;none&#8221; column_border_radius=&#8221;none&#8221; column_link_target=&#8221;_self&#8221; gradient_direction=&#8221;left_to_right&#8221; overlay_strength=&#8221;0.3&#8243; width=&#8221;1\/4&#8243; tablet_width_inherit=&#8221;default&#8221; bg_image_animation=&#8221;none&#8221; border_type=&#8221;simple&#8221; column_border_width=&#8221;none&#8221; column_border_style=&#8221;solid&#8221;][image_with_animation image_url=&#8221;3643&#8243; animation=&#8221;Fade In&#8221; hover_animation=&#8221;none&#8221; alignment=&#8221;center&#8221; border_radius=&#8221;none&#8221; box_shadow=&#8221;none&#8221; image_loading=&#8221;default&#8221; max_width=&#8221;100%&#8221; max_width_mobile=&#8221;default&#8221; margin_top=&#8221;7%&#8221; margin_top_phone=&#8221;0&#8243;][vc_column_text]\n<h4 style=\"text-align: center;\"><a href=\"https:\/\/tohigin.com\/sv\/cocktails\/tohi-dry-martini\/\">Tohi Dry Martini<\/a><\/h4>\n[\/vc_column_text][\/vc_column_inner][vc_column_inner column_padding=&#8221;no-extra-padding&#8221; column_padding_tablet=&#8221;inherit&#8221; column_padding_phone=&#8221;inherit&#8221; column_padding_position=&#8221;all&#8221; column_element_spacing=&#8221;default&#8221; background_color_opacity=&#8221;1&#8243; background_hover_color_opacity=&#8221;1&#8243; column_shadow=&#8221;none&#8221; column_border_radius=&#8221;none&#8221; column_link_target=&#8221;_self&#8221; gradient_direction=&#8221;left_to_right&#8221; overlay_strength=&#8221;0.3&#8243; width=&#8221;1\/4&#8243; tablet_width_inherit=&#8221;default&#8221; bg_image_animation=&#8221;none&#8221; border_type=&#8221;simple&#8221; column_border_width=&#8221;none&#8221; column_border_style=&#8221;solid&#8221;][image_with_animation image_url=&#8221;3688&#8243; animation=&#8221;Fade In&#8221; hover_animation=&#8221;none&#8221; alignment=&#8221;center&#8221; border_radius=&#8221;none&#8221; box_shadow=&#8221;none&#8221; image_loading=&#8221;default&#8221; max_width=&#8221;100%&#8221; max_width_mobile=&#8221;default&#8221; margin_top=&#8221;14%&#8221; margin_top_tablet=&#8221;0&#8243; margin_top_phone=&#8221;0&#8243;][vc_column_text]\n<h4 style=\"text-align: center;\"><a href=\"https:\/\/tohigin.com\/sv\/cocktails\/tohi-spicy-gt\/\">Tohi Spicy G&amp;T<\/a><\/h4>\n[\/vc_column_text][\/vc_column_inner][vc_column_inner column_padding=&#8221;no-extra-padding&#8221; column_padding_tablet=&#8221;inherit&#8221; column_padding_phone=&#8221;inherit&#8221; column_padding_position=&#8221;all&#8221; column_element_spacing=&#8221;default&#8221; background_color_opacity=&#8221;1&#8243; background_hover_color_opacity=&#8221;1&#8243; column_shadow=&#8221;none&#8221; column_border_radius=&#8221;none&#8221; column_link_target=&#8221;_self&#8221; gradient_direction=&#8221;left_to_right&#8221; overlay_strength=&#8221;0.3&#8243; width=&#8221;1\/4&#8243; tablet_width_inherit=&#8221;default&#8221; bg_image_animation=&#8221;none&#8221; border_type=&#8221;simple&#8221; column_border_width=&#8221;none&#8221; column_border_style=&#8221;solid&#8221;][image_with_animation image_url=&#8221;3670&#8243; animation=&#8221;Fade In&#8221; hover_animation=&#8221;none&#8221; alignment=&#8221;center&#8221; border_radius=&#8221;none&#8221; box_shadow=&#8221;none&#8221; image_loading=&#8221;default&#8221; max_width=&#8221;100%&#8221; max_width_mobile=&#8221;default&#8221; margin_top=&#8221;21%&#8221; margin_top_tablet=&#8221;7%&#8221; margin_top_phone=&#8221;0&#8243;][vc_column_text]\n<h4 style=\"text-align: center;\"><a href=\"https:\/\/tohigin.com\/sv\/cocktails\/tohi-negroni-ehk-222\/\">Tohi Negroni<\/a><\/h4>\n[\/vc_column_text][\/vc_column_inner][\/vc_row_inner][nectar_cta btn_style=&#8221;see-through&#8221; heading_tag=&#8221;h5&#8243; text_color=&#8221;#ff7176&#8243; button_color=&#8221;default&#8221; link_type=&#8221;regular&#8221; alignment=&#8221;right&#8221; alignment_tablet=&#8221;default&#8221; alignment_phone=&#8221;default&#8221; display=&#8221;block&#8221; link_text=&#8221;K\u00f5ik kokteilid&#8221; margin_top=&#8221;60&#8243; url=&#8221;\/sv\/cocktails&#8221;][\/vc_column][\/vc_row]\n","protected":false},"excerpt":{"rendered":"<p>[vc_row type=&#8221;full_width_background&#8221; full_screen_row_position=&#8221;middle&#8221; column_margin=&#8221;default&#8221; equal_height=&#8221;yes&#8221; content_placement=&#8221;middle&#8221; column_direction=&#8221;default&#8221; column_direction_tablet=&#8221;default&#8221; column_direction_phone=&#8221;default&#8221; scene_position=&#8221;center&#8221; top_padding=&#8221;2%&#8221; bottom_padding=&#8221;8%&#8221; text_color=&#8221;dark&#8221; text_align=&#8221;left&#8221; row_border_radius=&#8221;none&#8221; row_border_radius_applies=&#8221;bg&#8221; overlay_strength=&#8221;0.3&#8243; gradient_direction=&#8221;left_to_right&#8221; enable_shape_divider=&#8221;true&#8221; shape_divider_color=&#8221;#3d4975&#8243; shape_divider_position=&#8221;bottom&#8221; shape_divider_height=&#8221;100&#8243; bg_image_animation=&#8221;none&#8221; shape_type=&#8221;tilt&#8221;][vc_column column_padding=&#8221;no-extra-padding&#8221; column_padding_tablet=&#8221;inherit&#8221; column_padding_phone=&#8221;inherit&#8221; column_padding_position=&#8221;all&#8221; column_element_spacing=&#8221;default&#8221; background_color_opacity=&#8221;1&#8243;&#8230;<\/p>\n","protected":false},"author":1,"featured_media":0,"parent":9321,"menu_order":0,"comment_status":"closed","ping_status":"closed","template":"","meta":{"_acf_changed":false,"inline_featured_image":false,"footnotes":""},"class_list":["post-9689","page","type-page","status-publish"],"acf":[],"yoast_head":"<!-- This site is optimized with the Yoast SEO plugin v25.1 - https:\/\/yoast.com\/wordpress\/plugins\/seo\/ -->\n<title>Kuidas teha punastavat d\u017einntoonikut Tohi Aroonia d\u017einniga?<\/title>\n<meta name=\"description\" content=\"Kuidas valmistada arooniad\u017einniga kokteile? Aronia Infused Gin d\u017einntoonik. Punane aroonia d\u017einntoonik Tohi Distillerylt.\" \/>\n<meta name=\"robots\" content=\"index, follow, max-snippet:-1, max-image-preview:large, max-video-preview:-1\" \/>\n<link rel=\"canonical\" href=\"https:\/\/tohigin.com\/sv\/cocktails\/tohi-aronia-gin-tonic\/\" \/>\n<meta property=\"og:locale\" content=\"sv_SE\" \/>\n<meta property=\"og:type\" content=\"article\" \/>\n<meta property=\"og:title\" content=\"Kuidas teha punastavat d\u017einntoonikut Tohi Aroonia d\u017einniga?\" \/>\n<meta property=\"og:description\" content=\"Kuidas valmistada arooniad\u017einniga kokteile? Aronia Infused Gin d\u017einntoonik. Punane aroonia d\u017einntoonik Tohi Distillerylt.\" \/>\n<meta property=\"og:url\" content=\"https:\/\/tohigin.com\/sv\/cocktails\/tohi-aronia-gin-tonic\/\" \/>\n<meta property=\"og:site_name\" content=\"TOHI Distillery\" \/>\n<meta property=\"article:publisher\" content=\"https:\/\/www.facebook.com\/tohidistillery\" \/>\n<meta property=\"article:modified_time\" content=\"2022-07-11T09:08:13+00:00\" \/>\n<meta name=\"twitter:card\" content=\"summary_large_image\" \/>\n<meta name=\"twitter:label1\" content=\"Ber\u00e4knad l\u00e4stid\" \/>\n\t<meta name=\"twitter:data1\" content=\"2 minuter\" \/>\n<script type=\"application\/ld+json\" class=\"yoast-schema-graph\">{\"@context\":\"https:\/\/schema.org\",\"@graph\":[{\"@type\":\"WebPage\",\"@id\":\"https:\/\/tohigin.com\/sv\/cocktails\/tohi-aronia-gin-tonic\/\",\"url\":\"https:\/\/tohigin.com\/sv\/cocktails\/tohi-aronia-gin-tonic\/\",\"name\":\"Kuidas teha punastavat d\u017einntoonikut Tohi Aroonia d\u017einniga?\",\"isPartOf\":{\"@id\":\"https:\/\/tohigin.com\/#website\"},\"datePublished\":\"2021-04-22T06:40:37+00:00\",\"dateModified\":\"2022-07-11T09:08:13+00:00\",\"description\":\"Kuidas valmistada arooniad\u017einniga kokteile? Aronia Infused Gin d\u017einntoonik. Punane aroonia d\u017einntoonik Tohi Distillerylt.\",\"breadcrumb\":{\"@id\":\"https:\/\/tohigin.com\/sv\/cocktails\/tohi-aronia-gin-tonic\/#breadcrumb\"},\"inLanguage\":\"sv-SE\",\"potentialAction\":[{\"@type\":\"ReadAction\",\"target\":[\"https:\/\/tohigin.com\/sv\/cocktails\/tohi-aronia-gin-tonic\/\"]}]},{\"@type\":\"BreadcrumbList\",\"@id\":\"https:\/\/tohigin.com\/sv\/cocktails\/tohi-aronia-gin-tonic\/#breadcrumb\",\"itemListElement\":[{\"@type\":\"ListItem\",\"position\":1,\"name\":\"Home\",\"item\":\"https:\/\/tohigin.com\/sv\/\"},{\"@type\":\"ListItem\",\"position\":2,\"name\":\"Cocktails\",\"item\":\"https:\/\/tohigin.com\/sv\/cocktails\/\"},{\"@type\":\"ListItem\",\"position\":3,\"name\":\"Tohi Aronia Gin &#038; Tonic\"}]},{\"@type\":\"WebSite\",\"@id\":\"https:\/\/tohigin.com\/#website\",\"url\":\"https:\/\/tohigin.com\/\",\"name\":\"TOHI Distillery\",\"description\":\"Gin distillery - production, sales &amp; gin tours\",\"publisher\":{\"@id\":\"https:\/\/tohigin.com\/#organization\"},\"potentialAction\":[{\"@type\":\"SearchAction\",\"target\":{\"@type\":\"EntryPoint\",\"urlTemplate\":\"https:\/\/tohigin.com\/?s={search_term_string}\"},\"query-input\":{\"@type\":\"PropertyValueSpecification\",\"valueRequired\":true,\"valueName\":\"search_term_string\"}}],\"inLanguage\":\"sv-SE\"},{\"@type\":\"Organization\",\"@id\":\"https:\/\/tohigin.com\/#organization\",\"name\":\"Tohi Distillery\",\"url\":\"https:\/\/tohigin.com\/\",\"logo\":{\"@type\":\"ImageObject\",\"inLanguage\":\"sv-SE\",\"@id\":\"https:\/\/tohigin.com\/#\/schema\/logo\/image\/\",\"url\":\"https:\/\/tohigin.com\/wp-content\/uploads\/2021\/01\/tohi-logo-r-1.png\",\"contentUrl\":\"https:\/\/tohigin.com\/wp-content\/uploads\/2021\/01\/tohi-logo-r-1.png\",\"width\":88,\"height\":120,\"caption\":\"Tohi Distillery\"},\"image\":{\"@id\":\"https:\/\/tohigin.com\/#\/schema\/logo\/image\/\"},\"sameAs\":[\"https:\/\/www.facebook.com\/tohidistillery\",\"https:\/\/www.instagram.com\/tohi_gin\/\"]}]}<\/script>\n<!-- \/ Yoast SEO plugin. -->","yoast_head_json":{"title":"Kuidas teha punastavat d\u017einntoonikut Tohi Aroonia d\u017einniga?","description":"Kuidas valmistada arooniad\u017einniga kokteile? Aronia Infused Gin d\u017einntoonik. Punane aroonia d\u017einntoonik Tohi Distillerylt.","robots":{"index":"index","follow":"follow","max-snippet":"max-snippet:-1","max-image-preview":"max-image-preview:large","max-video-preview":"max-video-preview:-1"},"canonical":"https:\/\/tohigin.com\/sv\/cocktails\/tohi-aronia-gin-tonic\/","og_locale":"sv_SE","og_type":"article","og_title":"Kuidas teha punastavat d\u017einntoonikut Tohi Aroonia d\u017einniga?","og_description":"Kuidas valmistada arooniad\u017einniga kokteile? Aronia Infused Gin d\u017einntoonik. Punane aroonia d\u017einntoonik Tohi Distillerylt.","og_url":"https:\/\/tohigin.com\/sv\/cocktails\/tohi-aronia-gin-tonic\/","og_site_name":"TOHI Distillery","article_publisher":"https:\/\/www.facebook.com\/tohidistillery","article_modified_time":"2022-07-11T09:08:13+00:00","twitter_card":"summary_large_image","twitter_misc":{"Ber\u00e4knad l\u00e4stid":"2 minuter"},"schema":{"@context":"https:\/\/schema.org","@graph":[{"@type":"WebPage","@id":"https:\/\/tohigin.com\/sv\/cocktails\/tohi-aronia-gin-tonic\/","url":"https:\/\/tohigin.com\/sv\/cocktails\/tohi-aronia-gin-tonic\/","name":"Kuidas teha punastavat d\u017einntoonikut Tohi Aroonia d\u017einniga?","isPartOf":{"@id":"https:\/\/tohigin.com\/#website"},"datePublished":"2021-04-22T06:40:37+00:00","dateModified":"2022-07-11T09:08:13+00:00","description":"Kuidas valmistada arooniad\u017einniga kokteile? Aronia Infused Gin d\u017einntoonik. Punane aroonia d\u017einntoonik Tohi Distillerylt.","breadcrumb":{"@id":"https:\/\/tohigin.com\/sv\/cocktails\/tohi-aronia-gin-tonic\/#breadcrumb"},"inLanguage":"sv-SE","potentialAction":[{"@type":"ReadAction","target":["https:\/\/tohigin.com\/sv\/cocktails\/tohi-aronia-gin-tonic\/"]}]},{"@type":"BreadcrumbList","@id":"https:\/\/tohigin.com\/sv\/cocktails\/tohi-aronia-gin-tonic\/#breadcrumb","itemListElement":[{"@type":"ListItem","position":1,"name":"Home","item":"https:\/\/tohigin.com\/sv\/"},{"@type":"ListItem","position":2,"name":"Cocktails","item":"https:\/\/tohigin.com\/sv\/cocktails\/"},{"@type":"ListItem","position":3,"name":"Tohi Aronia Gin &#038; Tonic"}]},{"@type":"WebSite","@id":"https:\/\/tohigin.com\/#website","url":"https:\/\/tohigin.com\/","name":"TOHI Distillery","description":"Gin distillery - production, sales &amp; gin tours","publisher":{"@id":"https:\/\/tohigin.com\/#organization"},"potentialAction":[{"@type":"SearchAction","target":{"@type":"EntryPoint","urlTemplate":"https:\/\/tohigin.com\/?s={search_term_string}"},"query-input":{"@type":"PropertyValueSpecification","valueRequired":true,"valueName":"search_term_string"}}],"inLanguage":"sv-SE"},{"@type":"Organization","@id":"https:\/\/tohigin.com\/#organization","name":"Tohi Distillery","url":"https:\/\/tohigin.com\/","logo":{"@type":"ImageObject","inLanguage":"sv-SE","@id":"https:\/\/tohigin.com\/#\/schema\/logo\/image\/","url":"https:\/\/tohigin.com\/wp-content\/uploads\/2021\/01\/tohi-logo-r-1.png","contentUrl":"https:\/\/tohigin.com\/wp-content\/uploads\/2021\/01\/tohi-logo-r-1.png","width":88,"height":120,"caption":"Tohi Distillery"},"image":{"@id":"https:\/\/tohigin.com\/#\/schema\/logo\/image\/"},"sameAs":["https:\/\/www.facebook.com\/tohidistillery","https:\/\/www.instagram.com\/tohi_gin\/"]}]}},"jetpack_sharing_enabled":true,"_links":{"self":[{"href":"https:\/\/tohigin.com\/sv\/wp-json\/wp\/v2\/pages\/9689","targetHints":{"allow":["GET"]}}],"collection":[{"href":"https:\/\/tohigin.com\/sv\/wp-json\/wp\/v2\/pages"}],"about":[{"href":"https:\/\/tohigin.com\/sv\/wp-json\/wp\/v2\/types\/page"}],"author":[{"embeddable":true,"href":"https:\/\/tohigin.com\/sv\/wp-json\/wp\/v2\/users\/1"}],"replies":[{"embeddable":true,"href":"https:\/\/tohigin.com\/sv\/wp-json\/wp\/v2\/comments?post=9689"}],"version-history":[{"count":3,"href":"https:\/\/tohigin.com\/sv\/wp-json\/wp\/v2\/pages\/9689\/revisions"}],"predecessor-version":[{"id":9719,"href":"https:\/\/tohigin.com\/sv\/wp-json\/wp\/v2\/pages\/9689\/revisions\/9719"}],"up":[{"embeddable":true,"href":"https:\/\/tohigin.com\/sv\/wp-json\/wp\/v2\/pages\/9321"}],"wp:attachment":[{"href":"https:\/\/tohigin.com\/sv\/wp-json\/wp\/v2\/media?parent=9689"}],"curies":[{"name":"wp","href":"https:\/\/api.w.org\/{rel}","templated":true}]}}