{"id":9175,"date":"2021-04-23T10:42:45","date_gmt":"2021-04-23T07:42:45","guid":{"rendered":"https:\/\/tohigin.com\/toode\/london-dry-gin-kinkekarp-dzinniklaas\/"},"modified":"2023-08-18T01:01:00","modified_gmt":"2023-08-17T22:01:00","slug":"tohi-london-dry-gin-presentforpackning-i-tra-1-glas","status":"publish","type":"product","link":"https:\/\/tohigin.com\/sv\/produkt\/tohi-london-dry-gin-presentforpackning-i-tra-1-glas\/","title":{"rendered":"TOHI London Dry Gin presentask i tr\u00e4 + 1 glas"},"content":{"rendered":"","protected":false},"excerpt":{"rendered":"<p>Ett skr\u00e4ddarsytt presentpaket i plywood inneh\u00e5ller:<\/p>\n<p>&#8211; 1 flaska TOHI London Dry Gin Ginger &amp; Sichuan Pepper 0,5\u00a0L, 43\u00a0% vol.<\/p>\n<p>&#8211; 1 glas med graverad TOHI-logotyp (630 ml) f\u00f6r perfekta gin &amp; tonic drinkar<\/p>\n","protected":false},"featured_media":9180,"template":"","meta":{"_acf_changed":false,"inline_featured_image":false},"product_brand":[],"product_cat":[155,158],"product_tag":[160,152],"giftcard-category":[],"class_list":{"0":"post-9175","1":"product","2":"type-product","3":"status-publish","4":"has-post-thumbnail","6":"product_cat-london-dry-gin-sv","7":"product_cat-presentforpackningar","8":"product_tag-presentforpackningar","9":"product_tag-tohi-london-dry-gin-sv","11":"first","12":"instock","13":"taxable","14":"shipping-taxable","15":"purchasable","16":"product-type-simple"},"acf":[],"yoast_head":"<!-- This site is optimized with the Yoast SEO plugin v25.1 - https:\/\/yoast.com\/wordpress\/plugins\/seo\/ -->\n<title>En presentask i tr\u00e4 med gin och gin och tonic cocktail med ett glas<\/title>\n<meta name=\"description\" content=\"Toh London Dry Gin Ginger &amp; Sichuan Pepper presentask i tr\u00e4 med ginglas. En presentid\u00e9 f\u00f6r en cocktail- och gin\u00e4lskare.\" \/>\n<meta name=\"robots\" content=\"index, follow, max-snippet:-1, max-image-preview:large, max-video-preview:-1\" \/>\n<link rel=\"canonical\" href=\"https:\/\/tohigin.com\/sv\/produkt\/tohi-london-dry-gin-presentforpackning-i-tra-1-glas\/\" \/>\n<meta property=\"og:locale\" content=\"sv_SE\" \/>\n<meta property=\"og:type\" content=\"article\" \/>\n<meta property=\"og:title\" content=\"En presentask i tr\u00e4 med gin och gin och tonic cocktail med ett glas\" \/>\n<meta property=\"og:description\" content=\"Toh London Dry Gin Ginger &amp; Sichuan Pepper presentask i tr\u00e4 med ginglas. En presentid\u00e9 f\u00f6r en cocktail- och gin\u00e4lskare.\" \/>\n<meta property=\"og:url\" content=\"https:\/\/tohigin.com\/sv\/produkt\/tohi-london-dry-gin-presentforpackning-i-tra-1-glas\/\" \/>\n<meta property=\"og:site_name\" content=\"TOHI Distillery\" \/>\n<meta property=\"article:publisher\" content=\"https:\/\/www.facebook.com\/tohidistillery\" \/>\n<meta property=\"article:modified_time\" content=\"2023-08-17T22:01:00+00:00\" \/>\n<meta property=\"og:image\" content=\"https:\/\/tohigin.com\/wp-content\/uploads\/2021\/04\/tohilondondrygin_giftbox_1klaasiga_.jpg\" \/>\n\t<meta property=\"og:image:width\" content=\"1200\" \/>\n\t<meta property=\"og:image:height\" content=\"800\" \/>\n\t<meta property=\"og:image:type\" content=\"image\/jpeg\" \/>\n<meta name=\"twitter:card\" content=\"summary_large_image\" \/>\n<script type=\"application\/ld+json\" class=\"yoast-schema-graph\">{\"@context\":\"https:\/\/schema.org\",\"@graph\":[{\"@type\":\"WebPage\",\"@id\":\"https:\/\/tohigin.com\/sv\/produkt\/tohi-london-dry-gin-presentforpackning-i-tra-1-glas\/\",\"url\":\"https:\/\/tohigin.com\/sv\/produkt\/tohi-london-dry-gin-presentforpackning-i-tra-1-glas\/\",\"name\":\"En presentask i tr\u00e4 med gin och gin och tonic cocktail med ett glas\",\"isPartOf\":{\"@id\":\"https:\/\/tohigin.com\/#website\"},\"primaryImageOfPage\":{\"@id\":\"https:\/\/tohigin.com\/sv\/produkt\/tohi-london-dry-gin-presentforpackning-i-tra-1-glas\/#primaryimage\"},\"image\":{\"@id\":\"https:\/\/tohigin.com\/sv\/produkt\/tohi-london-dry-gin-presentforpackning-i-tra-1-glas\/#primaryimage\"},\"thumbnailUrl\":\"https:\/\/tohigin.com\/wp-content\/uploads\/2021\/04\/tohilondondrygin_giftbox_1klaasiga_.jpg\",\"datePublished\":\"2021-04-23T07:42:45+00:00\",\"dateModified\":\"2023-08-17T22:01:00+00:00\",\"description\":\"Toh London Dry Gin Ginger & Sichuan Pepper presentask i tr\u00e4 med ginglas. En presentid\u00e9 f\u00f6r en cocktail- och gin\u00e4lskare.\",\"breadcrumb\":{\"@id\":\"https:\/\/tohigin.com\/sv\/produkt\/tohi-london-dry-gin-presentforpackning-i-tra-1-glas\/#breadcrumb\"},\"inLanguage\":\"sv-SE\",\"potentialAction\":[{\"@type\":\"ReadAction\",\"target\":[\"https:\/\/tohigin.com\/sv\/produkt\/tohi-london-dry-gin-presentforpackning-i-tra-1-glas\/\"]}]},{\"@type\":\"ImageObject\",\"inLanguage\":\"sv-SE\",\"@id\":\"https:\/\/tohigin.com\/sv\/produkt\/tohi-london-dry-gin-presentforpackning-i-tra-1-glas\/#primaryimage\",\"url\":\"https:\/\/tohigin.com\/wp-content\/uploads\/2021\/04\/tohilondondrygin_giftbox_1klaasiga_.jpg\",\"contentUrl\":\"https:\/\/tohigin.com\/wp-content\/uploads\/2021\/04\/tohilondondrygin_giftbox_1klaasiga_.jpg\",\"width\":1200,\"height\":800},{\"@type\":\"BreadcrumbList\",\"@id\":\"https:\/\/tohigin.com\/sv\/produkt\/tohi-london-dry-gin-presentforpackning-i-tra-1-glas\/#breadcrumb\",\"itemListElement\":[{\"@type\":\"ListItem\",\"position\":1,\"name\":\"Home\",\"item\":\"https:\/\/tohigin.com\/sv\/\"},{\"@type\":\"ListItem\",\"position\":2,\"name\":\"Gin Shop\",\"item\":\"https:\/\/tohigin.com\/sv\/shop\/\"},{\"@type\":\"ListItem\",\"position\":3,\"name\":\"TOHI London Dry Gin presentask i tr\u00e4 + 1 glas\"}]},{\"@type\":\"WebSite\",\"@id\":\"https:\/\/tohigin.com\/#website\",\"url\":\"https:\/\/tohigin.com\/\",\"name\":\"TOHI Distillery\",\"description\":\"Gin distillery - production, sales &amp; gin tours\",\"publisher\":{\"@id\":\"https:\/\/tohigin.com\/#organization\"},\"potentialAction\":[{\"@type\":\"SearchAction\",\"target\":{\"@type\":\"EntryPoint\",\"urlTemplate\":\"https:\/\/tohigin.com\/?s={search_term_string}\"},\"query-input\":{\"@type\":\"PropertyValueSpecification\",\"valueRequired\":true,\"valueName\":\"search_term_string\"}}],\"inLanguage\":\"sv-SE\"},{\"@type\":\"Organization\",\"@id\":\"https:\/\/tohigin.com\/#organization\",\"name\":\"Tohi Distillery\",\"url\":\"https:\/\/tohigin.com\/\",\"logo\":{\"@type\":\"ImageObject\",\"inLanguage\":\"sv-SE\",\"@id\":\"https:\/\/tohigin.com\/#\/schema\/logo\/image\/\",\"url\":\"https:\/\/tohigin.com\/wp-content\/uploads\/2021\/01\/tohi-logo-r-1.png\",\"contentUrl\":\"https:\/\/tohigin.com\/wp-content\/uploads\/2021\/01\/tohi-logo-r-1.png\",\"width\":88,\"height\":120,\"caption\":\"Tohi Distillery\"},\"image\":{\"@id\":\"https:\/\/tohigin.com\/#\/schema\/logo\/image\/\"},\"sameAs\":[\"https:\/\/www.facebook.com\/tohidistillery\",\"https:\/\/www.instagram.com\/tohi_gin\/\"]}]}<\/script>\n<!-- \/ Yoast SEO plugin. -->","yoast_head_json":{"title":"En presentask i tr\u00e4 med gin och gin och tonic cocktail med ett glas","description":"Toh London Dry Gin Ginger & Sichuan Pepper presentask i tr\u00e4 med ginglas. En presentid\u00e9 f\u00f6r en cocktail- och gin\u00e4lskare.","robots":{"index":"index","follow":"follow","max-snippet":"max-snippet:-1","max-image-preview":"max-image-preview:large","max-video-preview":"max-video-preview:-1"},"canonical":"https:\/\/tohigin.com\/sv\/produkt\/tohi-london-dry-gin-presentforpackning-i-tra-1-glas\/","og_locale":"sv_SE","og_type":"article","og_title":"En presentask i tr\u00e4 med gin och gin och tonic cocktail med ett glas","og_description":"Toh London Dry Gin Ginger & Sichuan Pepper presentask i tr\u00e4 med ginglas. En presentid\u00e9 f\u00f6r en cocktail- och gin\u00e4lskare.","og_url":"https:\/\/tohigin.com\/sv\/produkt\/tohi-london-dry-gin-presentforpackning-i-tra-1-glas\/","og_site_name":"TOHI Distillery","article_publisher":"https:\/\/www.facebook.com\/tohidistillery","article_modified_time":"2023-08-17T22:01:00+00:00","og_image":[{"width":1200,"height":800,"url":"https:\/\/tohigin.com\/wp-content\/uploads\/2021\/04\/tohilondondrygin_giftbox_1klaasiga_.jpg","type":"image\/jpeg"}],"twitter_card":"summary_large_image","schema":{"@context":"https:\/\/schema.org","@graph":[{"@type":"WebPage","@id":"https:\/\/tohigin.com\/sv\/produkt\/tohi-london-dry-gin-presentforpackning-i-tra-1-glas\/","url":"https:\/\/tohigin.com\/sv\/produkt\/tohi-london-dry-gin-presentforpackning-i-tra-1-glas\/","name":"En presentask i tr\u00e4 med gin och gin och tonic cocktail med ett glas","isPartOf":{"@id":"https:\/\/tohigin.com\/#website"},"primaryImageOfPage":{"@id":"https:\/\/tohigin.com\/sv\/produkt\/tohi-london-dry-gin-presentforpackning-i-tra-1-glas\/#primaryimage"},"image":{"@id":"https:\/\/tohigin.com\/sv\/produkt\/tohi-london-dry-gin-presentforpackning-i-tra-1-glas\/#primaryimage"},"thumbnailUrl":"https:\/\/tohigin.com\/wp-content\/uploads\/2021\/04\/tohilondondrygin_giftbox_1klaasiga_.jpg","datePublished":"2021-04-23T07:42:45+00:00","dateModified":"2023-08-17T22:01:00+00:00","description":"Toh London Dry Gin Ginger & Sichuan Pepper presentask i tr\u00e4 med ginglas. En presentid\u00e9 f\u00f6r en cocktail- och gin\u00e4lskare.","breadcrumb":{"@id":"https:\/\/tohigin.com\/sv\/produkt\/tohi-london-dry-gin-presentforpackning-i-tra-1-glas\/#breadcrumb"},"inLanguage":"sv-SE","potentialAction":[{"@type":"ReadAction","target":["https:\/\/tohigin.com\/sv\/produkt\/tohi-london-dry-gin-presentforpackning-i-tra-1-glas\/"]}]},{"@type":"ImageObject","inLanguage":"sv-SE","@id":"https:\/\/tohigin.com\/sv\/produkt\/tohi-london-dry-gin-presentforpackning-i-tra-1-glas\/#primaryimage","url":"https:\/\/tohigin.com\/wp-content\/uploads\/2021\/04\/tohilondondrygin_giftbox_1klaasiga_.jpg","contentUrl":"https:\/\/tohigin.com\/wp-content\/uploads\/2021\/04\/tohilondondrygin_giftbox_1klaasiga_.jpg","width":1200,"height":800},{"@type":"BreadcrumbList","@id":"https:\/\/tohigin.com\/sv\/produkt\/tohi-london-dry-gin-presentforpackning-i-tra-1-glas\/#breadcrumb","itemListElement":[{"@type":"ListItem","position":1,"name":"Home","item":"https:\/\/tohigin.com\/sv\/"},{"@type":"ListItem","position":2,"name":"Gin Shop","item":"https:\/\/tohigin.com\/sv\/shop\/"},{"@type":"ListItem","position":3,"name":"TOHI London Dry Gin presentask i tr\u00e4 + 1 glas"}]},{"@type":"WebSite","@id":"https:\/\/tohigin.com\/#website","url":"https:\/\/tohigin.com\/","name":"TOHI Distillery","description":"Gin distillery - production, sales &amp; gin tours","publisher":{"@id":"https:\/\/tohigin.com\/#organization"},"potentialAction":[{"@type":"SearchAction","target":{"@type":"EntryPoint","urlTemplate":"https:\/\/tohigin.com\/?s={search_term_string}"},"query-input":{"@type":"PropertyValueSpecification","valueRequired":true,"valueName":"search_term_string"}}],"inLanguage":"sv-SE"},{"@type":"Organization","@id":"https:\/\/tohigin.com\/#organization","name":"Tohi Distillery","url":"https:\/\/tohigin.com\/","logo":{"@type":"ImageObject","inLanguage":"sv-SE","@id":"https:\/\/tohigin.com\/#\/schema\/logo\/image\/","url":"https:\/\/tohigin.com\/wp-content\/uploads\/2021\/01\/tohi-logo-r-1.png","contentUrl":"https:\/\/tohigin.com\/wp-content\/uploads\/2021\/01\/tohi-logo-r-1.png","width":88,"height":120,"caption":"Tohi Distillery"},"image":{"@id":"https:\/\/tohigin.com\/#\/schema\/logo\/image\/"},"sameAs":["https:\/\/www.facebook.com\/tohidistillery","https:\/\/www.instagram.com\/tohi_gin\/"]}]}},"jetpack_sharing_enabled":true,"_links":{"self":[{"href":"https:\/\/tohigin.com\/sv\/wp-json\/wp\/v2\/product\/9175","targetHints":{"allow":["GET"]}}],"collection":[{"href":"https:\/\/tohigin.com\/sv\/wp-json\/wp\/v2\/product"}],"about":[{"href":"https:\/\/tohigin.com\/sv\/wp-json\/wp\/v2\/types\/product"}],"wp:featuredmedia":[{"embeddable":true,"href":"https:\/\/tohigin.com\/sv\/wp-json\/wp\/v2\/media\/9180"}],"wp:attachment":[{"href":"https:\/\/tohigin.com\/sv\/wp-json\/wp\/v2\/media?parent=9175"}],"wp:term":[{"taxonomy":"product_brand","embeddable":true,"href":"https:\/\/tohigin.com\/sv\/wp-json\/wp\/v2\/product_brand?post=9175"},{"taxonomy":"product_cat","embeddable":true,"href":"https:\/\/tohigin.com\/sv\/wp-json\/wp\/v2\/product_cat?post=9175"},{"taxonomy":"product_tag","embeddable":true,"href":"https:\/\/tohigin.com\/sv\/wp-json\/wp\/v2\/product_tag?post=9175"},{"taxonomy":"giftcard-category","embeddable":true,"href":"https:\/\/tohigin.com\/sv\/wp-json\/wp\/v2\/giftcard-category?post=9175"}],"curies":[{"name":"wp","href":"https:\/\/api.w.org\/{rel}","templated":true}]}}